{"id":33,"date":"2020-02-20T12:24:14","date_gmt":"2020-02-20T11:24:14","guid":{"rendered":"http:\/\/localhost\/wordpress\/?page_id=33"},"modified":"2021-04-14T20:21:45","modified_gmt":"2021-04-14T18:21:45","slug":"kontakt","status":"publish","type":"page","link":"https:\/\/www.roza-sobieszek.pl\/en\/kontakt\/","title":{"rendered":"Contact"},"content":{"rendered":"<div data-elementor-type=\"wp-page\" data-elementor-id=\"33\" class=\"elementor elementor-33\">\n\t\t\t\t\t\t\t\t\t<section class=\"elementor-section elementor-top-section elementor-element elementor-element-30fe4b7e elementor-section-stretched elementor-section-boxed elementor-section-height-default elementor-section-height-default\" data-id=\"30fe4b7e\" data-element_type=\"section\" data-settings=\"{&quot;background_background&quot;:&quot;classic&quot;,&quot;stretch_section&quot;:&quot;section-stretched&quot;}\">\n\t\t\t\t\t\t<div class=\"elementor-container elementor-column-gap-default\">\n\t\t\t\t\t<div class=\"aux-parallax-section elementor-column elementor-col-100 elementor-top-column elementor-element elementor-element-a0981a7\" data-id=\"a0981a7\" data-element_type=\"column\">\n\t\t\t<div class=\"elementor-widget-wrap elementor-element-populated\">\n\t\t\t\t\t\t\t\t<div class=\"elementor-element elementor-element-66407ff1 elementor-widget elementor-widget-heading\" data-id=\"66407ff1\" data-element_type=\"widget\" data-widget_type=\"heading.default\">\n\t\t\t\t<div class=\"elementor-widget-container\">\n\t\t\t<h2 class=\"elementor-heading-title elementor-size-large\">CONTACT<\/h2>\t\t<\/div>\n\t\t\t\t<\/div>\n\t\t\t\t\t<\/div>\n\t\t<\/div>\n\t\t\t\t\t\t\t<\/div>\n\t\t<\/section>\n\t\t\t\t<section class=\"elementor-section elementor-top-section elementor-element elementor-element-50f8dab1 elementor-section-stretched elementor-section-boxed elementor-section-height-default elementor-section-height-default\" data-id=\"50f8dab1\" data-element_type=\"section\" data-settings=\"{&quot;stretch_section&quot;:&quot;section-stretched&quot;}\">\n\t\t\t\t\t\t<div class=\"elementor-container elementor-column-gap-default\">\n\t\t\t\t\t<div class=\"aux-parallax-section elementor-column elementor-col-33 elementor-top-column elementor-element elementor-element-2a8b97b7\" data-id=\"2a8b97b7\" data-element_type=\"column\">\n\t\t\t<div class=\"elementor-widget-wrap elementor-element-populated\">\n\t\t\t\t\t\t\t\t<div class=\"elementor-element elementor-element-14c3dede elementor-view-default elementor-position-top elementor-mobile-position-top elementor-widget elementor-widget-icon-box\" data-id=\"14c3dede\" data-element_type=\"widget\" data-widget_type=\"icon-box.default\">\n\t\t\t\t<div class=\"elementor-widget-container\">\n\t\t\t\t\t<div class=\"elementor-icon-box-wrapper\">\n\t\t\t\t\t\t<div class=\"elementor-icon-box-icon\">\n\t\t\t\t<span  class=\"elementor-icon elementor-animation-\">\n\t\t\t\t<i aria-hidden=\"true\" class=\"fas fa-home\"><\/i>\t\t\t\t<\/span>\n\t\t\t<\/div>\n\t\t\t\t\t\t<div class=\"elementor-icon-box-content\">\n\t\t\t\t<h3 class=\"elementor-icon-box-title\">\n\t\t\t\t\t<span  >\n\t\t\t\t\t\tVISIT US\t\t\t\t\t<\/span>\n\t\t\t\t<\/h3>\n\t\t\t\t\t\t\t<\/div>\n\t\t<\/div>\n\t\t\t\t<\/div>\n\t\t\t\t<\/div>\n\t\t\t\t<div class=\"elementor-element elementor-element-3f6f878e elementor-widget elementor-widget-heading\" data-id=\"3f6f878e\" data-element_type=\"widget\" data-widget_type=\"heading.default\">\n\t\t\t\t<div class=\"elementor-widget-container\">\n\t\t\t<p class=\"elementor-heading-title elementor-size-large\">\u0141opatki 2A, 98-100 \u0141ask<\/p>\t\t<\/div>\n\t\t\t\t<\/div>\n\t\t\t\t\t<\/div>\n\t\t<\/div>\n\t\t\t\t<div class=\"aux-parallax-section elementor-column elementor-col-33 elementor-top-column elementor-element elementor-element-23a6a265\" data-id=\"23a6a265\" data-element_type=\"column\">\n\t\t\t<div class=\"elementor-widget-wrap elementor-element-populated\">\n\t\t\t\t\t\t\t\t<div class=\"elementor-element elementor-element-24775d3f elementor-view-default elementor-position-top elementor-mobile-position-top elementor-widget elementor-widget-icon-box\" data-id=\"24775d3f\" data-element_type=\"widget\" data-widget_type=\"icon-box.default\">\n\t\t\t\t<div class=\"elementor-widget-container\">\n\t\t\t\t\t<div class=\"elementor-icon-box-wrapper\">\n\t\t\t\t\t\t<div class=\"elementor-icon-box-icon\">\n\t\t\t\t<span  class=\"elementor-icon elementor-animation-\">\n\t\t\t\t<i aria-hidden=\"true\" class=\"fas fa-phone\"><\/i>\t\t\t\t<\/span>\n\t\t\t<\/div>\n\t\t\t\t\t\t<div class=\"elementor-icon-box-content\">\n\t\t\t\t<h3 class=\"elementor-icon-box-title\">\n\t\t\t\t\t<span  >\n\t\t\t\t\t\tCALL US\t\t\t\t\t<\/span>\n\t\t\t\t<\/h3>\n\t\t\t\t\t\t\t<\/div>\n\t\t<\/div>\n\t\t\t\t<\/div>\n\t\t\t\t<\/div>\n\t\t\t\t<div class=\"elementor-element elementor-element-350d93 elementor-widget elementor-widget-heading\" data-id=\"350d93\" data-element_type=\"widget\" data-widget_type=\"heading.default\">\n\t\t\t\t<div class=\"elementor-widget-container\">\n\t\t\t<p class=\"elementor-heading-title elementor-size-large\">+48 501 540 978<\/p>\t\t<\/div>\n\t\t\t\t<\/div>\n\t\t\t\t<div class=\"elementor-element elementor-element-686f8a2 elementor-widget elementor-widget-heading\" data-id=\"686f8a2\" data-element_type=\"widget\" data-widget_type=\"heading.default\">\n\t\t\t\t<div class=\"elementor-widget-container\">\n\t\t\t<p class=\"elementor-heading-title elementor-size-large\">+48 512 729 282<\/p>\t\t<\/div>\n\t\t\t\t<\/div>\n\t\t\t\t\t<\/div>\n\t\t<\/div>\n\t\t\t\t<div class=\"aux-parallax-section elementor-column elementor-col-33 elementor-top-column elementor-element elementor-element-75deea57\" data-id=\"75deea57\" data-element_type=\"column\">\n\t\t\t<div class=\"elementor-widget-wrap elementor-element-populated\">\n\t\t\t\t\t\t\t\t<div class=\"elementor-element elementor-element-2a7c64d elementor-view-default elementor-position-top elementor-mobile-position-top elementor-widget elementor-widget-icon-box\" data-id=\"2a7c64d\" data-element_type=\"widget\" data-widget_type=\"icon-box.default\">\n\t\t\t\t<div class=\"elementor-widget-container\">\n\t\t\t\t\t<div class=\"elementor-icon-box-wrapper\">\n\t\t\t\t\t\t<div class=\"elementor-icon-box-icon\">\n\t\t\t\t<span  class=\"elementor-icon elementor-animation-\">\n\t\t\t\t<i aria-hidden=\"true\" class=\"far fa-envelope\"><\/i>\t\t\t\t<\/span>\n\t\t\t<\/div>\n\t\t\t\t\t\t<div class=\"elementor-icon-box-content\">\n\t\t\t\t<h3 class=\"elementor-icon-box-title\">\n\t\t\t\t\t<span  >\n\t\t\t\t\t\tEMAIL US\t\t\t\t\t<\/span>\n\t\t\t\t<\/h3>\n\t\t\t\t\t\t\t<\/div>\n\t\t<\/div>\n\t\t\t\t<\/div>\n\t\t\t\t<\/div>\n\t\t\t\t<div class=\"elementor-element elementor-element-155dfaa9 elementor-widget elementor-widget-heading\" data-id=\"155dfaa9\" data-element_type=\"widget\" data-widget_type=\"heading.default\">\n\t\t\t\t<div class=\"elementor-widget-container\">\n\t\t\t<p class=\"elementor-heading-title elementor-size-large\">sobieszekm@vp.pl<\/p>\t\t<\/div>\n\t\t\t\t<\/div>\n\t\t\t\t<div class=\"elementor-element elementor-element-8d38be3 elementor-widget elementor-widget-heading\" data-id=\"8d38be3\" data-element_type=\"widget\" data-widget_type=\"heading.default\">\n\t\t\t\t<div class=\"elementor-widget-container\">\n\t\t\t<p class=\"elementor-heading-title elementor-size-large\">mateusz@roza-sobieszek.pl<\/p>\t\t<\/div>\n\t\t\t\t<\/div>\n\t\t\t\t\t<\/div>\n\t\t<\/div>\n\t\t\t\t\t\t\t<\/div>\n\t\t<\/section>\n\t\t\t\t<section class=\"elementor-section elementor-top-section elementor-element elementor-element-3d6a002 elementor-section-stretched elementor-section-full_width elementor-section-height-default elementor-section-height-default\" data-id=\"3d6a002\" data-element_type=\"section\" data-settings=\"{&quot;stretch_section&quot;:&quot;section-stretched&quot;}\">\n\t\t\t\t\t\t<div class=\"elementor-container elementor-column-gap-no\">\n\t\t\t\t\t<div class=\"aux-parallax-section elementor-column elementor-col-100 elementor-top-column elementor-element elementor-element-5bc673d\" data-id=\"5bc673d\" data-element_type=\"column\">\n\t\t\t<div class=\"elementor-widget-wrap elementor-element-populated\">\n\t\t\t\t\t\t\t\t<div class=\"elementor-element elementor-element-0d176b7 elementor-widget elementor-widget-google_maps\" data-id=\"0d176b7\" data-element_type=\"widget\" data-widget_type=\"google_maps.default\">\n\t\t\t\t<div class=\"elementor-widget-container\">\n\t\t\t\t\t<div class=\"elementor-custom-embed\">\n\t\t\t<iframe loading=\"lazy\"\n\t\t\t\t\tsrc=\"https:\/\/maps.google.com\/maps?q=%20%C5%81opatki%202A%2C%2098-100%20%C5%81ask&#038;t=m&#038;z=11&#038;output=embed&#038;iwloc=near\"\n\t\t\t\t\ttitle=\" \u0141opatki 2A, 98-100 \u0141ask\"\n\t\t\t\t\taria-label=\" \u0141opatki 2A, 98-100 \u0141ask\"\n\t\t\t><\/iframe>\n\t\t<\/div>\n\t\t\t\t<\/div>\n\t\t\t\t<\/div>\n\t\t\t\t\t<\/div>\n\t\t<\/div>\n\t\t\t\t\t\t\t<\/div>\n\t\t<\/section>\n\t\t\t\t\t\t\t<\/div>","protected":false},"excerpt":{"rendered":"<p>KONTAKT Odwied\u017a nas \u0141opatki 2A, 98-100 \u0141ask Zadzwo\u0144 do nas +48 501 540 978 +48 512 729 282 Napisz do nas sobieszekm@vp.pl mateusz@roza-sobieszek.pl<\/p>","protected":false},"author":1,"featured_media":0,"parent":0,"menu_order":0,"comment_status":"closed","ping_status":"closed","template":"","meta":{"footnotes":""},"yoast_head":"<!-- This site is optimized with the Yoast SEO plugin v21.9.1 - https:\/\/yoast.com\/wordpress\/plugins\/seo\/ -->\n<title>Kontakt - Roza Sobieszek<\/title>\n<meta name=\"robots\" content=\"index, follow, max-snippet:-1, max-image-preview:large, max-video-preview:-1\" \/>\n<link rel=\"canonical\" href=\"https:\/\/www.roza-sobieszek.pl\/en\/kontakt\/\" \/>\n<meta property=\"og:locale\" content=\"en_GB\" \/>\n<meta property=\"og:type\" content=\"article\" \/>\n<meta property=\"og:title\" content=\"Kontakt - Roza Sobieszek\" \/>\n<meta property=\"og:description\" content=\"KONTAKT Odwied\u017a nas \u0141opatki 2A, 98-100 \u0141ask Zadzwo\u0144 do nas +48 501 540 978 +48 512 729 282 Napisz do nas sobieszekm@vp.pl mateusz@roza-sobieszek.pl\" \/>\n<meta property=\"og:url\" content=\"https:\/\/www.roza-sobieszek.pl\/en\/kontakt\/\" \/>\n<meta property=\"og:site_name\" content=\"Roza Sobieszek\" \/>\n<meta property=\"article:publisher\" content=\"https:\/\/www.facebook.com\/Roza-Sobieszek-250808258649078\/\" \/>\n<meta property=\"article:modified_time\" content=\"2021-04-14T18:21:45+00:00\" \/>\n<meta property=\"og:image\" content=\"https:\/\/www.roza-sobieszek.pl\/wp-content\/uploads\/logo-sobieszek6.jpg\" \/>\n\t<meta property=\"og:image:width\" content=\"500\" \/>\n\t<meta property=\"og:image:height\" content=\"350\" \/>\n\t<meta property=\"og:image:type\" content=\"image\/jpeg\" \/>\n<meta name=\"twitter:card\" content=\"summary_large_image\" \/>\n<script type=\"application\/ld+json\" class=\"yoast-schema-graph\">{\"@context\":\"https:\/\/schema.org\",\"@graph\":[{\"@type\":\"WebPage\",\"@id\":\"https:\/\/www.roza-sobieszek.pl\/kontakt\/\",\"url\":\"https:\/\/www.roza-sobieszek.pl\/kontakt\/\",\"name\":\"Kontakt - Roza Sobieszek\",\"isPartOf\":{\"@id\":\"https:\/\/www.roza-sobieszek.pl\/#website\"},\"datePublished\":\"2020-02-20T11:24:14+00:00\",\"dateModified\":\"2021-04-14T18:21:45+00:00\",\"breadcrumb\":{\"@id\":\"https:\/\/www.roza-sobieszek.pl\/kontakt\/#breadcrumb\"},\"inLanguage\":\"en-GB\",\"potentialAction\":[{\"@type\":\"ReadAction\",\"target\":[\"https:\/\/www.roza-sobieszek.pl\/kontakt\/\"]}]},{\"@type\":\"BreadcrumbList\",\"@id\":\"https:\/\/www.roza-sobieszek.pl\/kontakt\/#breadcrumb\",\"itemListElement\":[{\"@type\":\"ListItem\",\"position\":1,\"name\":\"Home\",\"item\":\"https:\/\/www.roza-sobieszek.pl\/\"},{\"@type\":\"ListItem\",\"position\":2,\"name\":\"Kontakt\"}]},{\"@type\":\"WebSite\",\"@id\":\"https:\/\/www.roza-sobieszek.pl\/#website\",\"url\":\"https:\/\/www.roza-sobieszek.pl\/\",\"name\":\"Roza Sobieszek\",\"description\":\"Zajmujemy si\u0119 produkcj\u0105 i sprzeda\u017c\u0105 r\u00f3\u017c od 1991 roku. Jako dystrybutor r\u00f3\u017c licencyjnych dok\u0142adamy wszelkich stara\u0144, aby nasze ro\u015bliny by\u0142y zdrowe, wyb\u00f3r szeroki, a ceny przyst\u0119pne.\",\"publisher\":{\"@id\":\"https:\/\/www.roza-sobieszek.pl\/#organization\"},\"potentialAction\":[{\"@type\":\"SearchAction\",\"target\":{\"@type\":\"EntryPoint\",\"urlTemplate\":\"https:\/\/www.roza-sobieszek.pl\/?s={search_term_string}\"},\"query-input\":\"required name=search_term_string\"}],\"inLanguage\":\"en-GB\"},{\"@type\":\"Organization\",\"@id\":\"https:\/\/www.roza-sobieszek.pl\/#organization\",\"name\":\"Roza Sobieszek\",\"url\":\"https:\/\/www.roza-sobieszek.pl\/\",\"logo\":{\"@type\":\"ImageObject\",\"inLanguage\":\"en-GB\",\"@id\":\"https:\/\/www.roza-sobieszek.pl\/#\/schema\/logo\/image\/\",\"url\":\"http:\/\/www.roza-sobieszek.pl\/wp-content\/uploads\/logo-sobieszek6.jpg\",\"contentUrl\":\"http:\/\/www.roza-sobieszek.pl\/wp-content\/uploads\/logo-sobieszek6.jpg\",\"width\":500,\"height\":350,\"caption\":\"Roza Sobieszek\"},\"image\":{\"@id\":\"https:\/\/www.roza-sobieszek.pl\/#\/schema\/logo\/image\/\"},\"sameAs\":[\"https:\/\/www.facebook.com\/Roza-Sobieszek-250808258649078\/\"]}]}<\/script>\n<!-- \/ Yoast SEO plugin. -->","yoast_head_json":{"title":"Kontakt - Roza Sobieszek","robots":{"index":"index","follow":"follow","max-snippet":"max-snippet:-1","max-image-preview":"max-image-preview:large","max-video-preview":"max-video-preview:-1"},"canonical":"https:\/\/www.roza-sobieszek.pl\/en\/kontakt\/","og_locale":"en_GB","og_type":"article","og_title":"Kontakt - Roza Sobieszek","og_description":"KONTAKT Odwied\u017a nas \u0141opatki 2A, 98-100 \u0141ask Zadzwo\u0144 do nas +48 501 540 978 +48 512 729 282 Napisz do nas sobieszekm@vp.pl mateusz@roza-sobieszek.pl","og_url":"https:\/\/www.roza-sobieszek.pl\/en\/kontakt\/","og_site_name":"Roza Sobieszek","article_publisher":"https:\/\/www.facebook.com\/Roza-Sobieszek-250808258649078\/","article_modified_time":"2021-04-14T18:21:45+00:00","og_image":[{"width":500,"height":350,"url":"https:\/\/www.roza-sobieszek.pl\/wp-content\/uploads\/logo-sobieszek6.jpg","type":"image\/jpeg"}],"twitter_card":"summary_large_image","schema":{"@context":"https:\/\/schema.org","@graph":[{"@type":"WebPage","@id":"https:\/\/www.roza-sobieszek.pl\/kontakt\/","url":"https:\/\/www.roza-sobieszek.pl\/kontakt\/","name":"Kontakt - Roza Sobieszek","isPartOf":{"@id":"https:\/\/www.roza-sobieszek.pl\/#website"},"datePublished":"2020-02-20T11:24:14+00:00","dateModified":"2021-04-14T18:21:45+00:00","breadcrumb":{"@id":"https:\/\/www.roza-sobieszek.pl\/kontakt\/#breadcrumb"},"inLanguage":"en-GB","potentialAction":[{"@type":"ReadAction","target":["https:\/\/www.roza-sobieszek.pl\/kontakt\/"]}]},{"@type":"BreadcrumbList","@id":"https:\/\/www.roza-sobieszek.pl\/kontakt\/#breadcrumb","itemListElement":[{"@type":"ListItem","position":1,"name":"Home","item":"https:\/\/www.roza-sobieszek.pl\/"},{"@type":"ListItem","position":2,"name":"Kontakt"}]},{"@type":"WebSite","@id":"https:\/\/www.roza-sobieszek.pl\/#website","url":"https:\/\/www.roza-sobieszek.pl\/","name":"Roza Sobieszek","description":"Zajmujemy si\u0119 produkcj\u0105 i sprzeda\u017c\u0105 r\u00f3\u017c od 1991 roku. Jako dystrybutor r\u00f3\u017c licencyjnych dok\u0142adamy wszelkich stara\u0144, aby nasze ro\u015bliny by\u0142y zdrowe, wyb\u00f3r szeroki, a ceny przyst\u0119pne.","publisher":{"@id":"https:\/\/www.roza-sobieszek.pl\/#organization"},"potentialAction":[{"@type":"SearchAction","target":{"@type":"EntryPoint","urlTemplate":"https:\/\/www.roza-sobieszek.pl\/?s={search_term_string}"},"query-input":"required name=search_term_string"}],"inLanguage":"en-GB"},{"@type":"Organization","@id":"https:\/\/www.roza-sobieszek.pl\/#organization","name":"Roza Sobieszek","url":"https:\/\/www.roza-sobieszek.pl\/","logo":{"@type":"ImageObject","inLanguage":"en-GB","@id":"https:\/\/www.roza-sobieszek.pl\/#\/schema\/logo\/image\/","url":"http:\/\/www.roza-sobieszek.pl\/wp-content\/uploads\/logo-sobieszek6.jpg","contentUrl":"http:\/\/www.roza-sobieszek.pl\/wp-content\/uploads\/logo-sobieszek6.jpg","width":500,"height":350,"caption":"Roza Sobieszek"},"image":{"@id":"https:\/\/www.roza-sobieszek.pl\/#\/schema\/logo\/image\/"},"sameAs":["https:\/\/www.facebook.com\/Roza-Sobieszek-250808258649078\/"]}]}},"_links":{"self":[{"href":"https:\/\/www.roza-sobieszek.pl\/en\/wp-json\/wp\/v2\/pages\/33"}],"collection":[{"href":"https:\/\/www.roza-sobieszek.pl\/en\/wp-json\/wp\/v2\/pages"}],"about":[{"href":"https:\/\/www.roza-sobieszek.pl\/en\/wp-json\/wp\/v2\/types\/page"}],"author":[{"embeddable":true,"href":"https:\/\/www.roza-sobieszek.pl\/en\/wp-json\/wp\/v2\/users\/1"}],"replies":[{"embeddable":true,"href":"https:\/\/www.roza-sobieszek.pl\/en\/wp-json\/wp\/v2\/comments?post=33"}],"version-history":[{"count":12,"href":"https:\/\/www.roza-sobieszek.pl\/en\/wp-json\/wp\/v2\/pages\/33\/revisions"}],"predecessor-version":[{"id":2016,"href":"https:\/\/www.roza-sobieszek.pl\/en\/wp-json\/wp\/v2\/pages\/33\/revisions\/2016"}],"wp:attachment":[{"href":"https:\/\/www.roza-sobieszek.pl\/en\/wp-json\/wp\/v2\/media?parent=33"}],"curies":[{"name":"wp","href":"https:\/\/api.w.org\/{rel}","templated":true}]}}