{"id":1938,"date":"2021-04-13T19:54:33","date_gmt":"2021-04-13T17:54:33","guid":{"rendered":"http:\/\/www.roza-sobieszek.pl\/?page_id=1938"},"modified":"2021-04-14T23:49:48","modified_gmt":"2021-04-14T21:49:48","slug":"roze-wielkokwiatowe-roze-wolne","status":"publish","type":"page","link":"https:\/\/www.roza-sobieszek.pl\/en\/roze-wielkokwiatowe-roze-wolne\/","title":{"rendered":"R\u00f3\u017ce wielkokwiatowe &#8211; R\u00f3\u017ce wolne"},"content":{"rendered":"<div id=\"pl-1938\"  class=\"panel-layout\" ><div id=\"pg-1938-0\"  class=\"panel-grid panel-no-style\" ><div id=\"pgc-1938-0-0\"  class=\"panel-grid-cell\" ><div id=\"panel-1938-0-0-0\" class=\"so-panel widget panel-first-child panel-last-child\" data-index=\"0\" ><div class=\"panel-widget-style panel-widget-style-for-1938-0-0-0\" ><\/div><\/div><\/div><\/div><\/div>","protected":false},"excerpt":{"rendered":"","protected":false},"author":1,"featured_media":0,"parent":0,"menu_order":0,"comment_status":"closed","ping_status":"closed","template":"","meta":{"footnotes":""},"yoast_head":"<!-- This site is optimized with the Yoast SEO plugin v21.9.1 - https:\/\/yoast.com\/wordpress\/plugins\/seo\/ -->\n<title>R\u00f3\u017ce wielkokwiatowe - R\u00f3\u017ce wolne - Roza Sobieszek<\/title>\n<meta name=\"robots\" content=\"index, follow, max-snippet:-1, max-image-preview:large, max-video-preview:-1\" \/>\n<link rel=\"canonical\" href=\"https:\/\/www.roza-sobieszek.pl\/en\/roze-wielkokwiatowe-roze-wolne\/\" \/>\n<meta property=\"og:locale\" content=\"en_GB\" \/>\n<meta property=\"og:type\" content=\"article\" \/>\n<meta property=\"og:title\" content=\"R\u00f3\u017ce wielkokwiatowe - R\u00f3\u017ce wolne - Roza Sobieszek\" \/>\n<meta property=\"og:url\" content=\"https:\/\/www.roza-sobieszek.pl\/en\/roze-wielkokwiatowe-roze-wolne\/\" \/>\n<meta property=\"og:site_name\" content=\"Roza Sobieszek\" \/>\n<meta property=\"article:publisher\" content=\"https:\/\/www.facebook.com\/Roza-Sobieszek-250808258649078\/\" \/>\n<meta property=\"article:modified_time\" content=\"2021-04-14T21:49:48+00:00\" \/>\n<meta property=\"og:image\" content=\"https:\/\/www.roza-sobieszek.pl\/wp-content\/uploads\/logo-sobieszek6.jpg\" \/>\n\t<meta property=\"og:image:width\" content=\"500\" \/>\n\t<meta property=\"og:image:height\" content=\"350\" \/>\n\t<meta property=\"og:image:type\" content=\"image\/jpeg\" \/>\n<meta name=\"twitter:card\" content=\"summary_large_image\" \/>\n<script type=\"application\/ld+json\" class=\"yoast-schema-graph\">{\"@context\":\"https:\/\/schema.org\",\"@graph\":[{\"@type\":\"WebPage\",\"@id\":\"https:\/\/www.roza-sobieszek.pl\/roze-wielkokwiatowe-roze-wolne\/\",\"url\":\"https:\/\/www.roza-sobieszek.pl\/roze-wielkokwiatowe-roze-wolne\/\",\"name\":\"R\u00f3\u017ce wielkokwiatowe - R\u00f3\u017ce wolne - Roza Sobieszek\",\"isPartOf\":{\"@id\":\"https:\/\/www.roza-sobieszek.pl\/#website\"},\"datePublished\":\"2021-04-13T17:54:33+00:00\",\"dateModified\":\"2021-04-14T21:49:48+00:00\",\"breadcrumb\":{\"@id\":\"https:\/\/www.roza-sobieszek.pl\/roze-wielkokwiatowe-roze-wolne\/#breadcrumb\"},\"inLanguage\":\"en-GB\",\"potentialAction\":[{\"@type\":\"ReadAction\",\"target\":[\"https:\/\/www.roza-sobieszek.pl\/roze-wielkokwiatowe-roze-wolne\/\"]}]},{\"@type\":\"BreadcrumbList\",\"@id\":\"https:\/\/www.roza-sobieszek.pl\/roze-wielkokwiatowe-roze-wolne\/#breadcrumb\",\"itemListElement\":[{\"@type\":\"ListItem\",\"position\":1,\"name\":\"Home\",\"item\":\"https:\/\/www.roza-sobieszek.pl\/\"},{\"@type\":\"ListItem\",\"position\":2,\"name\":\"R\u00f3\u017ce wielkokwiatowe &#8211; R\u00f3\u017ce wolne\"}]},{\"@type\":\"WebSite\",\"@id\":\"https:\/\/www.roza-sobieszek.pl\/#website\",\"url\":\"https:\/\/www.roza-sobieszek.pl\/\",\"name\":\"Roza Sobieszek\",\"description\":\"Zajmujemy si\u0119 produkcj\u0105 i sprzeda\u017c\u0105 r\u00f3\u017c od 1991 roku. Jako dystrybutor r\u00f3\u017c licencyjnych dok\u0142adamy wszelkich stara\u0144, aby nasze ro\u015bliny by\u0142y zdrowe, wyb\u00f3r szeroki, a ceny przyst\u0119pne.\",\"publisher\":{\"@id\":\"https:\/\/www.roza-sobieszek.pl\/#organization\"},\"potentialAction\":[{\"@type\":\"SearchAction\",\"target\":{\"@type\":\"EntryPoint\",\"urlTemplate\":\"https:\/\/www.roza-sobieszek.pl\/?s={search_term_string}\"},\"query-input\":\"required name=search_term_string\"}],\"inLanguage\":\"en-GB\"},{\"@type\":\"Organization\",\"@id\":\"https:\/\/www.roza-sobieszek.pl\/#organization\",\"name\":\"Roza Sobieszek\",\"url\":\"https:\/\/www.roza-sobieszek.pl\/\",\"logo\":{\"@type\":\"ImageObject\",\"inLanguage\":\"en-GB\",\"@id\":\"https:\/\/www.roza-sobieszek.pl\/#\/schema\/logo\/image\/\",\"url\":\"http:\/\/www.roza-sobieszek.pl\/wp-content\/uploads\/logo-sobieszek6.jpg\",\"contentUrl\":\"http:\/\/www.roza-sobieszek.pl\/wp-content\/uploads\/logo-sobieszek6.jpg\",\"width\":500,\"height\":350,\"caption\":\"Roza Sobieszek\"},\"image\":{\"@id\":\"https:\/\/www.roza-sobieszek.pl\/#\/schema\/logo\/image\/\"},\"sameAs\":[\"https:\/\/www.facebook.com\/Roza-Sobieszek-250808258649078\/\"]}]}<\/script>\n<!-- \/ Yoast SEO plugin. -->","yoast_head_json":{"title":"R\u00f3\u017ce wielkokwiatowe - R\u00f3\u017ce wolne - Roza Sobieszek","robots":{"index":"index","follow":"follow","max-snippet":"max-snippet:-1","max-image-preview":"max-image-preview:large","max-video-preview":"max-video-preview:-1"},"canonical":"https:\/\/www.roza-sobieszek.pl\/en\/roze-wielkokwiatowe-roze-wolne\/","og_locale":"en_GB","og_type":"article","og_title":"R\u00f3\u017ce wielkokwiatowe - R\u00f3\u017ce wolne - Roza Sobieszek","og_url":"https:\/\/www.roza-sobieszek.pl\/en\/roze-wielkokwiatowe-roze-wolne\/","og_site_name":"Roza Sobieszek","article_publisher":"https:\/\/www.facebook.com\/Roza-Sobieszek-250808258649078\/","article_modified_time":"2021-04-14T21:49:48+00:00","og_image":[{"width":500,"height":350,"url":"https:\/\/www.roza-sobieszek.pl\/wp-content\/uploads\/logo-sobieszek6.jpg","type":"image\/jpeg"}],"twitter_card":"summary_large_image","schema":{"@context":"https:\/\/schema.org","@graph":[{"@type":"WebPage","@id":"https:\/\/www.roza-sobieszek.pl\/roze-wielkokwiatowe-roze-wolne\/","url":"https:\/\/www.roza-sobieszek.pl\/roze-wielkokwiatowe-roze-wolne\/","name":"R\u00f3\u017ce wielkokwiatowe - R\u00f3\u017ce wolne - Roza Sobieszek","isPartOf":{"@id":"https:\/\/www.roza-sobieszek.pl\/#website"},"datePublished":"2021-04-13T17:54:33+00:00","dateModified":"2021-04-14T21:49:48+00:00","breadcrumb":{"@id":"https:\/\/www.roza-sobieszek.pl\/roze-wielkokwiatowe-roze-wolne\/#breadcrumb"},"inLanguage":"en-GB","potentialAction":[{"@type":"ReadAction","target":["https:\/\/www.roza-sobieszek.pl\/roze-wielkokwiatowe-roze-wolne\/"]}]},{"@type":"BreadcrumbList","@id":"https:\/\/www.roza-sobieszek.pl\/roze-wielkokwiatowe-roze-wolne\/#breadcrumb","itemListElement":[{"@type":"ListItem","position":1,"name":"Home","item":"https:\/\/www.roza-sobieszek.pl\/"},{"@type":"ListItem","position":2,"name":"R\u00f3\u017ce wielkokwiatowe &#8211; R\u00f3\u017ce wolne"}]},{"@type":"WebSite","@id":"https:\/\/www.roza-sobieszek.pl\/#website","url":"https:\/\/www.roza-sobieszek.pl\/","name":"Roza Sobieszek","description":"Zajmujemy si\u0119 produkcj\u0105 i sprzeda\u017c\u0105 r\u00f3\u017c od 1991 roku. Jako dystrybutor r\u00f3\u017c licencyjnych dok\u0142adamy wszelkich stara\u0144, aby nasze ro\u015bliny by\u0142y zdrowe, wyb\u00f3r szeroki, a ceny przyst\u0119pne.","publisher":{"@id":"https:\/\/www.roza-sobieszek.pl\/#organization"},"potentialAction":[{"@type":"SearchAction","target":{"@type":"EntryPoint","urlTemplate":"https:\/\/www.roza-sobieszek.pl\/?s={search_term_string}"},"query-input":"required name=search_term_string"}],"inLanguage":"en-GB"},{"@type":"Organization","@id":"https:\/\/www.roza-sobieszek.pl\/#organization","name":"Roza Sobieszek","url":"https:\/\/www.roza-sobieszek.pl\/","logo":{"@type":"ImageObject","inLanguage":"en-GB","@id":"https:\/\/www.roza-sobieszek.pl\/#\/schema\/logo\/image\/","url":"http:\/\/www.roza-sobieszek.pl\/wp-content\/uploads\/logo-sobieszek6.jpg","contentUrl":"http:\/\/www.roza-sobieszek.pl\/wp-content\/uploads\/logo-sobieszek6.jpg","width":500,"height":350,"caption":"Roza Sobieszek"},"image":{"@id":"https:\/\/www.roza-sobieszek.pl\/#\/schema\/logo\/image\/"},"sameAs":["https:\/\/www.facebook.com\/Roza-Sobieszek-250808258649078\/"]}]}},"_links":{"self":[{"href":"https:\/\/www.roza-sobieszek.pl\/en\/wp-json\/wp\/v2\/pages\/1938"}],"collection":[{"href":"https:\/\/www.roza-sobieszek.pl\/en\/wp-json\/wp\/v2\/pages"}],"about":[{"href":"https:\/\/www.roza-sobieszek.pl\/en\/wp-json\/wp\/v2\/types\/page"}],"author":[{"embeddable":true,"href":"https:\/\/www.roza-sobieszek.pl\/en\/wp-json\/wp\/v2\/users\/1"}],"replies":[{"embeddable":true,"href":"https:\/\/www.roza-sobieszek.pl\/en\/wp-json\/wp\/v2\/comments?post=1938"}],"version-history":[{"count":3,"href":"https:\/\/www.roza-sobieszek.pl\/en\/wp-json\/wp\/v2\/pages\/1938\/revisions"}],"predecessor-version":[{"id":2079,"href":"https:\/\/www.roza-sobieszek.pl\/en\/wp-json\/wp\/v2\/pages\/1938\/revisions\/2079"}],"wp:attachment":[{"href":"https:\/\/www.roza-sobieszek.pl\/en\/wp-json\/wp\/v2\/media?parent=1938"}],"curies":[{"name":"wp","href":"https:\/\/api.w.org\/{rel}","templated":true}]}}